{"id":43,"date":"2023-10-11T21:22:08","date_gmt":"2023-10-11T19:22:08","guid":{"rendered":"https:\/\/brache24.jorzick.com\/?page_id=43"},"modified":"2025-03-11T21:24:56","modified_gmt":"2025-03-11T20:24:56","slug":"informationen","status":"publish","type":"page","link":"https:\/\/brachefest.de\/?page_id=43","title":{"rendered":"Informationen"},"content":{"rendered":"\n<p>Weil Lino nicht gern die Katze im Sack bestellt&#8230;<br><\/p>\n\n\n\n<p><\/p>\n\n\n\n<h2 class=\"wp-block-heading\">Schlafpl\u00e4tze vor Ort<\/h2>\n\n\n\n<p>Es gibt eine Bandbreite an Schlafpl\u00e4tzen vom Bettenlager bis zu Einzelzimmern f\u00fcr Familien. Dies spiegelt sich in den entsprechenden Ticket-Kategorien bei der Anmeldung wieder.<\/p>\n\n\n\n<p>Zelten ist generell <strong>nicht <\/strong>m\u00f6glich, Bullys und Wohnmobile sind aber gern gesehen (verg\u00fcnstigte Bully-Tickets bei der Anmeldung). \ud83d\ude8c<br><\/p>\n\n\n\n<h2 class=\"wp-block-heading\">Schlafpl\u00e4tze f\u00fcr Kinder<\/h2>\n\n\n\n<p>F\u00fcr Kinder sind zun\u00e4chst keine Betten geplant. F\u00fcr Familien gibt es bei der Anmeldung ein gewisses Kontingent an separaten Einzelzimmern und geteilten Familienzimmern.<br>Generell gilt &#8211; in allen Zimmern k\u00f6nnt ihr zus\u00e4tzlich Schlafm\u00f6glichkeiten f\u00fcr die Kinder einrichten (LuMa, Isomatte, Kinderbett).<br>Bucht bei der Anmeldung zudem bitte Kindertickets f\u00fcr alle Kids ab 2 Jahren.<br><\/p>\n\n\n\n<p><\/p>\n\n\n\n<h2 class=\"wp-block-heading\">Verpflegung<\/h2>\n\n\n\n<ul class=\"wp-block-list\">\n<li>Do, Sa, So: Organisierte Selbstversorgung- wir planen die Eink\u00e4ufe und alle G\u00e4ste beteiligen sich an K\u00fcchen-, Grill und Bar-Diensten<\/li>\n\n\n\n<li>Freitag: Mitbring-Buffet, tobt euch aus \ud83e\uddc6\ud83e\udd58\ud83c\udf82<\/li>\n\n\n\n<li>Die von uns geplante Verpflegung wird \u00fcberwiegend vegetarisch\/vegan. Was ihr aus dem Buffet macht ist euch \u00fcberlassen.<br><\/li>\n<\/ul>\n\n\n\n<p><\/p>\n\n\n\n<h2 class=\"wp-block-heading\">Ihr wollt euch einbringen? <\/h2>\n\n\n\n<p>Das Orga-Komitee hat wie ihr seht schon losgelegt, ist aber noch offen f\u00fcr \u00dcbereifrige. \ud83e\udd13<\/p>\n\n\n\n<p>Wenn ihr vor Ort spezifische Aufgaben \u00fcbernehmen wollt (Aufbau am Donnerstag, Einkaufshelfer, Grillmeister, Abbau am Sonntag, \u2026) oder Programm-Ideen habt (Yoga-Session, Kinderprogramm, \u2026), vermerkt das einfach bei der Anmeldung im Kommentarfeld oder meldet euch direkt beim Orga-Team.<br>Ansonsten werden Aufgaben verteilt&#8230; \ud83d\udc68\u200d\ud83c\udf73\ud83c\udf7d<\/p>\n\n\n\n<p>Bei Fragen meldet euch einfach bei der Orga-Komitee Person eures Vertrauens.<\/p>\n\n\n\n<p>Lino, Karla, Claudi, Jesse, Lenni, Sebi<\/p>\n","protected":false},"excerpt":{"rendered":"<p>Weil Lino nicht gern die Katze im Sack bestellt&#8230; Schlafpl\u00e4tze vor Ort Es gibt eine Bandbreite an Schlafpl\u00e4tzen vom Bettenlager bis zu Einzelzimmern f\u00fcr Familien. Dies spiegelt sich in den entsprechenden Ticket-Kategorien bei der Anmeldung wieder. Zelten ist generell nicht m\u00f6glich, Bullys und Wohnmobile sind aber gern gesehen (verg\u00fcnstigte Bully-Tickets bei der Anmeldung). \ud83d\ude8c Schlafpl\u00e4tze f\u00fcr Kinder F\u00fcr Kinder sind zun\u00e4chst keine Betten geplant. F\u00fcr Familien gibt es bei der Anmeldung ein gewisses Kontingent an separaten Einzelzimmern und geteilten Familienzimmern.Generell gilt &#8211; in allen Zimmern k\u00f6nnt ihr zus\u00e4tzlich Schlafm\u00f6glichkeiten f\u00fcr die Kinder einrichten (LuMa, Isomatte, Kinderbett).Bucht bei der Anmeldung zudem &hellip; <\/p>\n","protected":false},"author":1,"featured_media":0,"parent":0,"menu_order":0,"comment_status":"closed","ping_status":"closed","template":"","meta":{"footnotes":""},"class_list":["post-43","page","type-page","status-publish","hentry"],"_links":{"self":[{"href":"https:\/\/brachefest.de\/index.php?rest_route=\/wp\/v2\/pages\/43","targetHints":{"allow":["GET"]}}],"collection":[{"href":"https:\/\/brachefest.de\/index.php?rest_route=\/wp\/v2\/pages"}],"about":[{"href":"https:\/\/brachefest.de\/index.php?rest_route=\/wp\/v2\/types\/page"}],"author":[{"embeddable":true,"href":"https:\/\/brachefest.de\/index.php?rest_route=\/wp\/v2\/users\/1"}],"replies":[{"embeddable":true,"href":"https:\/\/brachefest.de\/index.php?rest_route=%2Fwp%2Fv2%2Fcomments&post=43"}],"version-history":[{"count":17,"href":"https:\/\/brachefest.de\/index.php?rest_route=\/wp\/v2\/pages\/43\/revisions"}],"predecessor-version":[{"id":96,"href":"https:\/\/brachefest.de\/index.php?rest_route=\/wp\/v2\/pages\/43\/revisions\/96"}],"wp:attachment":[{"href":"https:\/\/brachefest.de\/index.php?rest_route=%2Fwp%2Fv2%2Fmedia&parent=43"}],"curies":[{"name":"wp","href":"https:\/\/api.w.org\/{rel}","templated":true}]}}