{"id":7,"date":"2023-10-01T17:00:12","date_gmt":"2023-10-01T15:00:12","guid":{"rendered":"https:\/\/brache24.jorzick.com\/?page_id=7"},"modified":"2025-03-11T22:37:33","modified_gmt":"2025-03-11T21:37:33","slug":"home","status":"publish","type":"page","link":"https:\/\/brachefest.de\/","title":{"rendered":"Home"},"content":{"rendered":"\n<p><\/p>\n\n\n\n<figure class=\"wp-block-gallery aligncenter has-nested-images columns-default is-cropped wp-block-gallery-1 is-layout-flex wp-block-gallery-is-layout-flex\">\n<figure class=\"wp-block-image size-large\"><img loading=\"lazy\" decoding=\"async\" width=\"1024\" height=\"768\" data-id=\"19\" src=\"https:\/\/brache24.jorzick.com\/wp-content\/uploads\/2023\/10\/5ab42e76-11bf-4456-82ba-5205b3993279.jpg\" alt=\"\" class=\"wp-image-19\" srcset=\"https:\/\/brachefest.de\/wp-content\/uploads\/2023\/10\/5ab42e76-11bf-4456-82ba-5205b3993279.jpg 1024w, https:\/\/brachefest.de\/wp-content\/uploads\/2023\/10\/5ab42e76-11bf-4456-82ba-5205b3993279-300x225.jpg 300w, https:\/\/brachefest.de\/wp-content\/uploads\/2023\/10\/5ab42e76-11bf-4456-82ba-5205b3993279-768x576.jpg 768w, https:\/\/brachefest.de\/wp-content\/uploads\/2023\/10\/5ab42e76-11bf-4456-82ba-5205b3993279-63x46.jpg 63w\" sizes=\"auto, (max-width: 1024px) 100vw, 1024px\" \/><\/figure>\n\n\n\n<figure class=\"wp-block-image size-large\"><img loading=\"lazy\" decoding=\"async\" width=\"1024\" height=\"768\" data-id=\"17\" src=\"https:\/\/brache24.jorzick.com\/wp-content\/uploads\/2023\/10\/c6dbf165-401a-4005-b069-b57259b9d3bc-1024x768.jpg\" alt=\"\" class=\"wp-image-17\" srcset=\"https:\/\/brachefest.de\/wp-content\/uploads\/2023\/10\/c6dbf165-401a-4005-b069-b57259b9d3bc-1024x768.jpg 1024w, https:\/\/brachefest.de\/wp-content\/uploads\/2023\/10\/c6dbf165-401a-4005-b069-b57259b9d3bc-300x225.jpg 300w, https:\/\/brachefest.de\/wp-content\/uploads\/2023\/10\/c6dbf165-401a-4005-b069-b57259b9d3bc-768x576.jpg 768w, https:\/\/brachefest.de\/wp-content\/uploads\/2023\/10\/c6dbf165-401a-4005-b069-b57259b9d3bc-1536x1152.jpg 1536w, https:\/\/brachefest.de\/wp-content\/uploads\/2023\/10\/c6dbf165-401a-4005-b069-b57259b9d3bc-63x46.jpg 63w, https:\/\/brachefest.de\/wp-content\/uploads\/2023\/10\/c6dbf165-401a-4005-b069-b57259b9d3bc.jpg 1984w\" sizes=\"auto, (max-width: 1024px) 100vw, 1024px\" \/><\/figure>\n\n\n\n<figure class=\"wp-block-image size-large\"><img loading=\"lazy\" decoding=\"async\" width=\"1024\" height=\"768\" data-id=\"37\" src=\"https:\/\/brache24.jorzick.com\/wp-content\/uploads\/2023\/10\/IMG_3864-1024x768.jpeg\" alt=\"\" class=\"wp-image-37\" srcset=\"https:\/\/brachefest.de\/wp-content\/uploads\/2023\/10\/IMG_3864-1024x768.jpeg 1024w, https:\/\/brachefest.de\/wp-content\/uploads\/2023\/10\/IMG_3864-300x225.jpeg 300w, https:\/\/brachefest.de\/wp-content\/uploads\/2023\/10\/IMG_3864-768x576.jpeg 768w, https:\/\/brachefest.de\/wp-content\/uploads\/2023\/10\/IMG_3864-1536x1152.jpeg 1536w, https:\/\/brachefest.de\/wp-content\/uploads\/2023\/10\/IMG_3864-63x46.jpeg 63w, https:\/\/brachefest.de\/wp-content\/uploads\/2023\/10\/IMG_3864.jpeg 2048w\" sizes=\"auto, (max-width: 1024px) 100vw, 1024px\" \/><\/figure>\n\n\n\n<figure class=\"wp-block-image size-large\"><img loading=\"lazy\" decoding=\"async\" width=\"1024\" height=\"768\" data-id=\"18\" src=\"https:\/\/brache24.jorzick.com\/wp-content\/uploads\/2023\/10\/e42918ba-ae64-4f53-993d-4b03233edde8-1024x768.jpg\" alt=\"\" class=\"wp-image-18\" srcset=\"https:\/\/brachefest.de\/wp-content\/uploads\/2023\/10\/e42918ba-ae64-4f53-993d-4b03233edde8-1024x768.jpg 1024w, https:\/\/brachefest.de\/wp-content\/uploads\/2023\/10\/e42918ba-ae64-4f53-993d-4b03233edde8-300x225.jpg 300w, https:\/\/brachefest.de\/wp-content\/uploads\/2023\/10\/e42918ba-ae64-4f53-993d-4b03233edde8-768x576.jpg 768w, https:\/\/brachefest.de\/wp-content\/uploads\/2023\/10\/e42918ba-ae64-4f53-993d-4b03233edde8-1536x1152.jpg 1536w, https:\/\/brachefest.de\/wp-content\/uploads\/2023\/10\/e42918ba-ae64-4f53-993d-4b03233edde8-63x46.jpg 63w, https:\/\/brachefest.de\/wp-content\/uploads\/2023\/10\/e42918ba-ae64-4f53-993d-4b03233edde8.jpg 1984w\" sizes=\"auto, (max-width: 1024px) 100vw, 1024px\" \/><\/figure>\n\n\n\n<figure class=\"wp-block-image size-large\"><img loading=\"lazy\" decoding=\"async\" width=\"1024\" height=\"768\" data-id=\"38\" src=\"https:\/\/brache24.jorzick.com\/wp-content\/uploads\/2023\/10\/IMG_3882-1024x768.jpeg\" alt=\"\" class=\"wp-image-38\" srcset=\"https:\/\/brachefest.de\/wp-content\/uploads\/2023\/10\/IMG_3882-1024x768.jpeg 1024w, https:\/\/brachefest.de\/wp-content\/uploads\/2023\/10\/IMG_3882-300x225.jpeg 300w, https:\/\/brachefest.de\/wp-content\/uploads\/2023\/10\/IMG_3882-768x576.jpeg 768w, https:\/\/brachefest.de\/wp-content\/uploads\/2023\/10\/IMG_3882-1536x1152.jpeg 1536w, https:\/\/brachefest.de\/wp-content\/uploads\/2023\/10\/IMG_3882-63x46.jpeg 63w, https:\/\/brachefest.de\/wp-content\/uploads\/2023\/10\/IMG_3882.jpeg 2048w\" sizes=\"auto, (max-width: 1024px) 100vw, 1024px\" \/><\/figure>\n\n\n\n<figure class=\"wp-block-image size-large\"><img loading=\"lazy\" decoding=\"async\" width=\"1024\" height=\"768\" data-id=\"99\" src=\"https:\/\/brachefest.de\/wp-content\/uploads\/2025\/03\/WhatsApp-Image-2024-08-01-at-23.08.03-1024x768.jpeg\" alt=\"\" class=\"wp-image-99\" srcset=\"https:\/\/brachefest.de\/wp-content\/uploads\/2025\/03\/WhatsApp-Image-2024-08-01-at-23.08.03-1024x768.jpeg 1024w, https:\/\/brachefest.de\/wp-content\/uploads\/2025\/03\/WhatsApp-Image-2024-08-01-at-23.08.03-300x225.jpeg 300w, https:\/\/brachefest.de\/wp-content\/uploads\/2025\/03\/WhatsApp-Image-2024-08-01-at-23.08.03-768x576.jpeg 768w, https:\/\/brachefest.de\/wp-content\/uploads\/2025\/03\/WhatsApp-Image-2024-08-01-at-23.08.03-1536x1152.jpeg 1536w, https:\/\/brachefest.de\/wp-content\/uploads\/2025\/03\/WhatsApp-Image-2024-08-01-at-23.08.03-63x46.jpeg 63w, https:\/\/brachefest.de\/wp-content\/uploads\/2025\/03\/WhatsApp-Image-2024-08-01-at-23.08.03.jpeg 1600w\" sizes=\"auto, (max-width: 1024px) 100vw, 1024px\" \/><\/figure>\n\n\n\n<figure class=\"wp-block-image size-large\"><img loading=\"lazy\" decoding=\"async\" width=\"1024\" height=\"768\" data-id=\"39\" src=\"https:\/\/brache24.jorzick.com\/wp-content\/uploads\/2023\/10\/IMG_3732-1024x768.jpeg\" alt=\"\" class=\"wp-image-39\" srcset=\"https:\/\/brachefest.de\/wp-content\/uploads\/2023\/10\/IMG_3732-1024x768.jpeg 1024w, https:\/\/brachefest.de\/wp-content\/uploads\/2023\/10\/IMG_3732-300x225.jpeg 300w, https:\/\/brachefest.de\/wp-content\/uploads\/2023\/10\/IMG_3732-768x576.jpeg 768w, https:\/\/brachefest.de\/wp-content\/uploads\/2023\/10\/IMG_3732-1536x1152.jpeg 1536w, https:\/\/brachefest.de\/wp-content\/uploads\/2023\/10\/IMG_3732-63x46.jpeg 63w, https:\/\/brachefest.de\/wp-content\/uploads\/2023\/10\/IMG_3732.jpeg 2048w\" sizes=\"auto, (max-width: 1024px) 100vw, 1024px\" \/><\/figure>\n\n\n\n<figure class=\"wp-block-image size-large\"><img loading=\"lazy\" decoding=\"async\" width=\"1024\" height=\"461\" data-id=\"101\" src=\"https:\/\/brachefest.de\/wp-content\/uploads\/2025\/03\/WhatsApp-Image-2024-08-02-at-17.17.45-1024x461.jpeg\" alt=\"\" class=\"wp-image-101\" srcset=\"https:\/\/brachefest.de\/wp-content\/uploads\/2025\/03\/WhatsApp-Image-2024-08-02-at-17.17.45-1024x461.jpeg 1024w, https:\/\/brachefest.de\/wp-content\/uploads\/2025\/03\/WhatsApp-Image-2024-08-02-at-17.17.45-300x135.jpeg 300w, https:\/\/brachefest.de\/wp-content\/uploads\/2025\/03\/WhatsApp-Image-2024-08-02-at-17.17.45-768x346.jpeg 768w, https:\/\/brachefest.de\/wp-content\/uploads\/2025\/03\/WhatsApp-Image-2024-08-02-at-17.17.45-1536x692.jpeg 1536w, https:\/\/brachefest.de\/wp-content\/uploads\/2025\/03\/WhatsApp-Image-2024-08-02-at-17.17.45.jpeg 2016w\" sizes=\"auto, (max-width: 1024px) 100vw, 1024px\" \/><\/figure>\n\n\n\n<figure class=\"wp-block-image size-large\"><img loading=\"lazy\" decoding=\"async\" width=\"1024\" height=\"576\" data-id=\"102\" src=\"https:\/\/brachefest.de\/wp-content\/uploads\/2025\/03\/WhatsApp-Image-2024-08-04-at-08.32.34-1024x576.jpeg\" alt=\"\" class=\"wp-image-102\" srcset=\"https:\/\/brachefest.de\/wp-content\/uploads\/2025\/03\/WhatsApp-Image-2024-08-04-at-08.32.34-1024x576.jpeg 1024w, https:\/\/brachefest.de\/wp-content\/uploads\/2025\/03\/WhatsApp-Image-2024-08-04-at-08.32.34-300x169.jpeg 300w, https:\/\/brachefest.de\/wp-content\/uploads\/2025\/03\/WhatsApp-Image-2024-08-04-at-08.32.34-768x432.jpeg 768w, https:\/\/brachefest.de\/wp-content\/uploads\/2025\/03\/WhatsApp-Image-2024-08-04-at-08.32.34-1536x864.jpeg 1536w, https:\/\/brachefest.de\/wp-content\/uploads\/2025\/03\/WhatsApp-Image-2024-08-04-at-08.32.34.jpeg 2016w\" sizes=\"auto, (max-width: 1024px) 100vw, 1024px\" \/><\/figure>\n\n\n\n<figure class=\"wp-block-image size-large\"><img loading=\"lazy\" decoding=\"async\" width=\"576\" height=\"1024\" data-id=\"103\" src=\"https:\/\/brachefest.de\/wp-content\/uploads\/2025\/03\/WhatsApp-Image-2024-08-04-at-08.32.36-1-576x1024.jpeg\" alt=\"\" class=\"wp-image-103\" srcset=\"https:\/\/brachefest.de\/wp-content\/uploads\/2025\/03\/WhatsApp-Image-2024-08-04-at-08.32.36-1-576x1024.jpeg 576w, https:\/\/brachefest.de\/wp-content\/uploads\/2025\/03\/WhatsApp-Image-2024-08-04-at-08.32.36-1-169x300.jpeg 169w, https:\/\/brachefest.de\/wp-content\/uploads\/2025\/03\/WhatsApp-Image-2024-08-04-at-08.32.36-1-768x1365.jpeg 768w, https:\/\/brachefest.de\/wp-content\/uploads\/2025\/03\/WhatsApp-Image-2024-08-04-at-08.32.36-1-864x1536.jpeg 864w, https:\/\/brachefest.de\/wp-content\/uploads\/2025\/03\/WhatsApp-Image-2024-08-04-at-08.32.36-1.jpeg 1134w\" sizes=\"auto, (max-width: 576px) 100vw, 576px\" \/><\/figure>\n\n\n\n<figure class=\"wp-block-image size-large\"><img loading=\"lazy\" decoding=\"async\" width=\"768\" height=\"1024\" data-id=\"104\" src=\"https:\/\/brachefest.de\/wp-content\/uploads\/2025\/03\/WhatsApp-Image-2024-08-03-at-23.22.34-1-768x1024.jpeg\" alt=\"\" class=\"wp-image-104\" srcset=\"https:\/\/brachefest.de\/wp-content\/uploads\/2025\/03\/WhatsApp-Image-2024-08-03-at-23.22.34-1-768x1024.jpeg 768w, https:\/\/brachefest.de\/wp-content\/uploads\/2025\/03\/WhatsApp-Image-2024-08-03-at-23.22.34-1-225x300.jpeg 225w, https:\/\/brachefest.de\/wp-content\/uploads\/2025\/03\/WhatsApp-Image-2024-08-03-at-23.22.34-1-1152x1536.jpeg 1152w, https:\/\/brachefest.de\/wp-content\/uploads\/2025\/03\/WhatsApp-Image-2024-08-03-at-23.22.34-1.jpeg 1536w\" sizes=\"auto, (max-width: 768px) 100vw, 768px\" \/><\/figure>\n\n\n\n<figure class=\"wp-block-image size-large\"><img loading=\"lazy\" decoding=\"async\" width=\"576\" height=\"1024\" data-id=\"105\" src=\"https:\/\/brachefest.de\/wp-content\/uploads\/2025\/03\/WhatsApp-Image-2024-08-04-at-08.32.36-576x1024.jpeg\" alt=\"\" class=\"wp-image-105\" srcset=\"https:\/\/brachefest.de\/wp-content\/uploads\/2025\/03\/WhatsApp-Image-2024-08-04-at-08.32.36-576x1024.jpeg 576w, https:\/\/brachefest.de\/wp-content\/uploads\/2025\/03\/WhatsApp-Image-2024-08-04-at-08.32.36-169x300.jpeg 169w, https:\/\/brachefest.de\/wp-content\/uploads\/2025\/03\/WhatsApp-Image-2024-08-04-at-08.32.36-768x1365.jpeg 768w, https:\/\/brachefest.de\/wp-content\/uploads\/2025\/03\/WhatsApp-Image-2024-08-04-at-08.32.36-864x1536.jpeg 864w, https:\/\/brachefest.de\/wp-content\/uploads\/2025\/03\/WhatsApp-Image-2024-08-04-at-08.32.36.jpeg 1134w\" sizes=\"auto, (max-width: 576px) 100vw, 576px\" \/><\/figure>\n<figcaption class=\"blocks-gallery-caption wp-element-caption\">Impressionen 2021 &amp; 2024<\/figcaption><\/figure>\n\n\n\n<blockquote class=\"wp-block-quote is-layout-flow wp-block-quote-is-layout-flow\">\n<p>Das sch\u00f6nste Wochenende meines Lebens<\/p>\n<cite>Sebastian Dinh<\/cite><\/blockquote>\n\n\n\n<h2 class=\"wp-block-heading\">Brache? Was&#8217;n das?<\/h2>\n\n\n\n<p>Hof Brache Fest 2026 &#8211; 4 Tage, 80 Freunde, Gute Musik, Schlechte Musik, Spiele, Entspannung, Kanufahrn, Kindergeburtstag, im Gras Liegen und Wolken schauen, H\u00fcpfburg, Feiern bis die Sonne \u00fcber der Schwentine aufgeht&#8230;<\/p>\n\n\n\n<h2 class=\"wp-block-heading\">Was bisher geschah<\/h2>\n\n\n\n<p>August 2021 &#8211; Sebi &amp; Hoa feiern auf der Brache vier Tage lang mit Freunden das Leben.<br>August 2024 &#8211; Alle wollten nochmal&#8230;<\/p>\n\n\n\n<h2 class=\"wp-block-heading\">Was jetzt?<\/h2>\n\n\n\n<p>2026 gibt es die 2. Neuauflage, organisiert von Freunden f\u00fcr Freunde.<br>Privat organisiert &#8211; alle k\u00f6nnen sich einbringen und packen mit an &#8211; 90er-Zelt, DJ0815, Liedergarten f\u00fcr die Kleinen und Brache-Band f\u00fcr alle.<\/p>\n\n\n\n<p>Wann: 13. (12:00 Uhr) &#8211; 16.08.2026 (16:00 Uhr)<\/p>\n\n\n\n<p>Wo: <a href=\"https:\/\/brache.info\/\" data-type=\"link\" data-id=\"https:\/\/brache.info\/\">Hof Brache bei Pl\u00f6n<\/a> (Schlafpl\u00e4tze vor Ort)<\/p>\n\n\n\n<h2 class=\"wp-block-heading\"><\/h2>\n\n\n\n<h2 class=\"wp-block-heading\"><\/h2>\n\n\n\n<h2 class=\"wp-block-heading\"><\/h2>\n","protected":false},"excerpt":{"rendered":"<p>Das sch\u00f6nste Wochenende meines Lebens Sebastian Dinh Brache? Was&#8217;n das? Hof Brache Fest 2026 &#8211; 4 Tage, 80 Freunde, Gute Musik, Schlechte Musik, Spiele, Entspannung, Kanufahrn, Kindergeburtstag, im Gras Liegen und Wolken schauen, H\u00fcpfburg, Feiern bis die Sonne \u00fcber der Schwentine aufgeht&#8230; Was bisher geschah August 2021 &#8211; Sebi &amp; Hoa feiern auf der Brache vier Tage lang mit Freunden das Leben.August 2024 &#8211; Alle wollten nochmal&#8230; Was jetzt? 2026 gibt es die 2. Neuauflage, organisiert von Freunden f\u00fcr Freunde.Privat organisiert &#8211; alle k\u00f6nnen sich einbringen und packen mit an &#8211; 90er-Zelt, DJ0815, Liedergarten f\u00fcr die Kleinen und Brache-Band f\u00fcr &hellip; <\/p>\n","protected":false},"author":1,"featured_media":0,"parent":0,"menu_order":0,"comment_status":"closed","ping_status":"closed","template":"","meta":{"footnotes":""},"class_list":["post-7","page","type-page","status-publish","hentry"],"_links":{"self":[{"href":"https:\/\/brachefest.de\/index.php?rest_route=\/wp\/v2\/pages\/7","targetHints":{"allow":["GET"]}}],"collection":[{"href":"https:\/\/brachefest.de\/index.php?rest_route=\/wp\/v2\/pages"}],"about":[{"href":"https:\/\/brachefest.de\/index.php?rest_route=\/wp\/v2\/types\/page"}],"author":[{"embeddable":true,"href":"https:\/\/brachefest.de\/index.php?rest_route=\/wp\/v2\/users\/1"}],"replies":[{"embeddable":true,"href":"https:\/\/brachefest.de\/index.php?rest_route=%2Fwp%2Fv2%2Fcomments&post=7"}],"version-history":[{"count":22,"href":"https:\/\/brachefest.de\/index.php?rest_route=\/wp\/v2\/pages\/7\/revisions"}],"predecessor-version":[{"id":106,"href":"https:\/\/brachefest.de\/index.php?rest_route=\/wp\/v2\/pages\/7\/revisions\/106"}],"wp:attachment":[{"href":"https:\/\/brachefest.de\/index.php?rest_route=%2Fwp%2Fv2%2Fmedia&parent=7"}],"curies":[{"name":"wp","href":"https:\/\/api.w.org\/{rel}","templated":true}]}}